{"id":681,"date":"2022-03-03T15:19:50","date_gmt":"2022-03-03T15:19:50","guid":{"rendered":"https:\/\/www.cinemesroses.cat\/?page_id=681"},"modified":"2022-03-08T18:11:05","modified_gmt":"2022-03-08T18:11:05","slug":"politica-de-privacidad","status":"publish","type":"page","link":"https:\/\/www.cinemesroses.cat\/es\/politica-de-privacidad\/","title":{"rendered":"Pol\u00edtica de privacidad"},"content":{"rendered":"<p>[vc_row][vc_column][vc_column_text]<strong>Responsable del tratamiento<\/strong><\/p>\n<p>En cumplimiento de lo establecido en la legislaci\u00f3n relativa a la protecci\u00f3n de datos espa\u00f1ola y europea, en particular, el Reglamento General de Protecci\u00f3n de Datos o Reglamento (UE) 2016\/679 (RGPD), se informa que CINEMES ROSES SL (en adelante, CINEMES ROSES), es el responsable del tratamiento de los datos personales es que proporcione a trav\u00e9s del Sitio Web www.cinemesroses.com y las webs de cada cine (en adelante, las \u201cWebs\u201d), as\u00ed como los Datos de Car\u00e1cter Personal a los que CINEMES ROSES acceda como consecuencia de su navegaci\u00f3n (como por ejemplo la IP o cualquier otro identificador \u00fanico de su dispositivo), solicitudes o utilizaci\u00f3n de las mismas, o los que obtenga por cualquier otro canal (en adelante, los \u201cDatos\u201d).<\/p>\n<p>CINEMES ROSES informa al Usuario de que tiene implantadas las medidas de seguridad de \u00edndole t\u00e9cnica y organizativas necesarias que garanticen la seguridad de sus Datos de Car\u00e1cter Personal y eviten su alteraci\u00f3n, p\u00e9rdida, tratamiento y\/o acceso no autorizado, habida cuenta del estado de la tecnolog\u00eda, la naturaleza de los datos almacenados y los riesgos a que est\u00e1n expuestos, ya provengan de la acci\u00f3n humana o del medio f\u00edsico o natural.<\/p>\n<p><strong>Finalidades y legitimaci\u00f3n del tratamiento<\/strong><\/p>\n<p>Las finalidades de la recogida de los Datos a trav\u00e9s de las Webs u otro canal variar\u00e1n en funci\u00f3n de las actividades en las que participe, los servicio que nos solicite o las acciones que nos hayan autorizado expresamente.<\/p>\n<p>Le recordamos que en los casos en los que el tratamiento en atenci\u00f3n al consentimiento prestado por el Usuario, \u00e9ste podr\u00e1 revocarlo en cualquier momento notific\u00e1ndolo v\u00eda correo electr\u00f3nico a <a href=\"mailto:cinemesroses@hotmail.com\">cinemesroses@hotmail.com<\/a>.<\/p>\n<p>Aquellos datos no identificados con un (*), no ser\u00e1n imprescindibles y por tanto su ausencia o incorrecci\u00f3n no condicionar\u00e1 la prestaci\u00f3n de los servicios o productos solicitados. El hecho de cumplimentar el mencionado formulario implica que el Usuario reconoce que la informaci\u00f3n y los datos personales que indica son suyos, exactos y ciertos.<\/p>\n<p>Finalmente, en el acceso a nuestras instalaciones se informa de la existencia de c\u00e1maras de videovigilancia mediante los r\u00f3tulos homologados. CINEMES ROSES trata las im\u00e1genes para preservar los intereses leg\u00edtimos de nuestra empresa.<\/p>\n<p><strong>Comunicaci\u00f3n de datos<\/strong><\/p>\n<p>Como criterio general \u00fanicamente comunicamos datos personales con el consentimiento previo de las personas interesadas. En cumplimientos de obligaciones legales pueden comunicarse determinados datos a \u00f3rganos judiciales o cuerpos y fuerzas de seguridad. En la facturaci\u00f3n podemos comunicar datos de nuestros proveedores a entidades bancarias. No se hacen transferencias de datos fuera del \u00e1mbito de la Uni\u00f3n Europea (transferencia internacional).<\/p>\n<p><strong>Tiempo de conservaci\u00f3n de los datos<\/strong><\/p>\n<p>Cumplimos la obligaci\u00f3n legal de limitar al m\u00e1ximo el plazo de conservaci\u00f3n de los datos. Por este motivo se conservan s\u00f3lo el tiempo necesario y justificado por la finalidad que motiv\u00f3 la obtenci\u00f3n. En determinados casos, como los datos que figuran en la documentaci\u00f3n contable y la facturaci\u00f3n, la normativa fiscal obliga a conservarlas hasta que no prescriban las responsabilidades en esta materia. En el caso de los datos que se tratan en base al consentimiento de la persona interesada, se conservan hasta que esta persona no revoca este consentimiento. Las im\u00e1genes obtenidas por las c\u00e1maras de videovigilancia se conservan como m\u00e1ximo durante un mes, si bien en el caso de incidentes que lo justifiquen se conservar\u00e1n el tiempo necesario para facilitar las actuaciones de los cuerpos y fuerzas de seguridad o de los \u00f3rganos judiciales.<\/p>\n<p><strong>Ejercico y defensa de los derechos<\/strong><\/p>\n<p>Cualquier persona tiene derecho a obtener confirmaci\u00f3n sobre si CINEMES ROSES trata Datos que le conciernan, o no. Asimismo, el Usuario tiene derecho a acceder a sus datos personales, as\u00ed como a solicitar la rectificaci\u00f3n de los datos inexactos o, en su caso, solicitar su supresi\u00f3n cuando, entre otros motivos, los datos ya no sean necesarios para los fines que fueron recogidos. Los Usuario podr\u00e1n oponerse al tratamiento de sus datos. CINEMES ROSES dejar\u00e1 de tratar los datos, salvo por motivos leg\u00edtimos imperiosos, o el ejercicio o la defensa de posibles reclamaciones. Asimismo, los Usuarios tienen derecho a recibir, en un formato estructurado, de uso com\u00fan y lectura mec\u00e1nica, los datos personales que le incumban que nos hayan facilitado, y a transmitirlos a otro responsable.[\/vc_column_text][\/vc_column][\/vc_row]<\/p>\n","protected":false},"excerpt":{"rendered":"<p>[vc_row][vc_column][vc_column_text]Responsable del tratamiento En cumplimiento de lo establecido en la legislaci\u00f3n relativa a la protecci\u00f3n de datos espa\u00f1ola y europea, en particular, el Reglamento General de Protecci\u00f3n de Datos o Reglamento (UE) 2016\/679 (RGPD), se informa que CINEMES ROSES SL (en adelante, CINEMES ROSES), es el responsable del tratamiento de los datos personales es que [&hellip;]<\/p>\n","protected":false},"author":1,"featured_media":0,"parent":0,"menu_order":0,"comment_status":"closed","ping_status":"closed","template":"","meta":{"footnotes":""},"class_list":["post-681","page","type-page","status-publish","h-entry","hentry","h-as-page"],"yoast_head":"<!-- This site is optimized with the Yoast SEO plugin v27.2 - https:\/\/yoast.com\/product\/yoast-seo-wordpress\/ -->\n<title>Pol\u00edtica de privacidad &#8226; Cinemes Roses<\/title>\n<meta name=\"robots\" content=\"noindex, nofollow\" \/>\n<meta property=\"og:locale\" content=\"es_ES\" \/>\n<meta property=\"og:type\" content=\"article\" \/>\n<meta property=\"og:title\" content=\"Pol\u00edtica de privacidad &#8226; Cinemes Roses\" \/>\n<meta property=\"og:description\" content=\"[vc_row][vc_column][vc_column_text]Responsable del tratamiento En cumplimiento de lo establecido en la legislaci\u00f3n relativa a la protecci\u00f3n de datos espa\u00f1ola y europea, en particular, el Reglamento General de Protecci\u00f3n de Datos o Reglamento (UE) 2016\/679 (RGPD), se informa que CINEMES ROSES SL (en adelante, CINEMES ROSES), es el responsable del tratamiento de los datos personales es que [&hellip;]\" \/>\n<meta property=\"og:url\" content=\"https:\/\/www.cinemesroses.cat\/es\/politica-de-privacidad\/\" \/>\n<meta property=\"og:site_name\" content=\"Cinemes Roses\" \/>\n<meta property=\"article:modified_time\" content=\"2022-03-08T18:11:05+00:00\" \/>\n<meta name=\"twitter:card\" content=\"summary_large_image\" \/>\n<meta name=\"twitter:label1\" content=\"Tiempo de lectura\" \/>\n\t<meta name=\"twitter:data1\" content=\"4 minutos\" \/>\n<script type=\"application\/ld+json\" class=\"yoast-schema-graph\">{\"@context\":\"https:\/\/schema.org\",\"@graph\":[{\"@type\":\"WebPage\",\"@id\":\"https:\/\/www.cinemesroses.cat\/es\/politica-de-privacidad\/\",\"url\":\"https:\/\/www.cinemesroses.cat\/es\/politica-de-privacidad\/\",\"name\":\"Pol\u00edtica de privacidad &#8226; Cinemes Roses\",\"isPartOf\":{\"@id\":\"https:\/\/www.cinemesroses.cat\/es\/#website\"},\"datePublished\":\"2022-03-03T15:19:50+00:00\",\"dateModified\":\"2022-03-08T18:11:05+00:00\",\"breadcrumb\":{\"@id\":\"https:\/\/www.cinemesroses.cat\/es\/politica-de-privacidad\/#breadcrumb\"},\"inLanguage\":\"es\",\"potentialAction\":[{\"@type\":\"ReadAction\",\"target\":[\"https:\/\/www.cinemesroses.cat\/es\/politica-de-privacidad\/\"]}]},{\"@type\":\"BreadcrumbList\",\"@id\":\"https:\/\/www.cinemesroses.cat\/es\/politica-de-privacidad\/#breadcrumb\",\"itemListElement\":[{\"@type\":\"ListItem\",\"position\":1,\"name\":\"Portada\",\"item\":\"https:\/\/www.cinemesroses.cat\/es\/\"},{\"@type\":\"ListItem\",\"position\":2,\"name\":\"Pol\u00edtica de privacidad\"}]},{\"@type\":\"WebSite\",\"@id\":\"https:\/\/www.cinemesroses.cat\/es\/#website\",\"url\":\"https:\/\/www.cinemesroses.cat\/es\/\",\"name\":\"Cinemes Roses\",\"description\":\"Cine 5 Salas\",\"publisher\":{\"@id\":\"https:\/\/www.cinemesroses.cat\/es\/#organization\"},\"potentialAction\":[{\"@type\":\"SearchAction\",\"target\":{\"@type\":\"EntryPoint\",\"urlTemplate\":\"https:\/\/www.cinemesroses.cat\/es\/?s={search_term_string}\"},\"query-input\":{\"@type\":\"PropertyValueSpecification\",\"valueRequired\":true,\"valueName\":\"search_term_string\"}}],\"inLanguage\":\"es\"},{\"@type\":\"Organization\",\"@id\":\"https:\/\/www.cinemesroses.cat\/es\/#organization\",\"name\":\"Cinemes Roses\",\"url\":\"https:\/\/www.cinemesroses.cat\/es\/\",\"logo\":{\"@type\":\"ImageObject\",\"inLanguage\":\"es\",\"@id\":\"https:\/\/www.cinemesroses.cat\/es\/#\/schema\/logo\/image\/\",\"url\":\"https:\/\/www.cinemesroses.cat\/wp-content\/uploads\/2022\/03\/logo-cinemes.png\",\"contentUrl\":\"https:\/\/www.cinemesroses.cat\/wp-content\/uploads\/2022\/03\/logo-cinemes.png\",\"width\":721,\"height\":346,\"caption\":\"Cinemes Roses\"},\"image\":{\"@id\":\"https:\/\/www.cinemesroses.cat\/es\/#\/schema\/logo\/image\/\"}}]}<\/script>\n<!-- \/ Yoast SEO plugin. -->","yoast_head_json":{"title":"Pol\u00edtica de privacidad &#8226; Cinemes Roses","robots":{"index":"noindex","follow":"nofollow"},"og_locale":"es_ES","og_type":"article","og_title":"Pol\u00edtica de privacidad &#8226; Cinemes Roses","og_description":"[vc_row][vc_column][vc_column_text]Responsable del tratamiento En cumplimiento de lo establecido en la legislaci\u00f3n relativa a la protecci\u00f3n de datos espa\u00f1ola y europea, en particular, el Reglamento General de Protecci\u00f3n de Datos o Reglamento (UE) 2016\/679 (RGPD), se informa que CINEMES ROSES SL (en adelante, CINEMES ROSES), es el responsable del tratamiento de los datos personales es que [&hellip;]","og_url":"https:\/\/www.cinemesroses.cat\/es\/politica-de-privacidad\/","og_site_name":"Cinemes Roses","article_modified_time":"2022-03-08T18:11:05+00:00","twitter_card":"summary_large_image","twitter_misc":{"Tiempo de lectura":"4 minutos"},"schema":{"@context":"https:\/\/schema.org","@graph":[{"@type":"WebPage","@id":"https:\/\/www.cinemesroses.cat\/es\/politica-de-privacidad\/","url":"https:\/\/www.cinemesroses.cat\/es\/politica-de-privacidad\/","name":"Pol\u00edtica de privacidad &#8226; Cinemes Roses","isPartOf":{"@id":"https:\/\/www.cinemesroses.cat\/es\/#website"},"datePublished":"2022-03-03T15:19:50+00:00","dateModified":"2022-03-08T18:11:05+00:00","breadcrumb":{"@id":"https:\/\/www.cinemesroses.cat\/es\/politica-de-privacidad\/#breadcrumb"},"inLanguage":"es","potentialAction":[{"@type":"ReadAction","target":["https:\/\/www.cinemesroses.cat\/es\/politica-de-privacidad\/"]}]},{"@type":"BreadcrumbList","@id":"https:\/\/www.cinemesroses.cat\/es\/politica-de-privacidad\/#breadcrumb","itemListElement":[{"@type":"ListItem","position":1,"name":"Portada","item":"https:\/\/www.cinemesroses.cat\/es\/"},{"@type":"ListItem","position":2,"name":"Pol\u00edtica de privacidad"}]},{"@type":"WebSite","@id":"https:\/\/www.cinemesroses.cat\/es\/#website","url":"https:\/\/www.cinemesroses.cat\/es\/","name":"Cinemes Roses","description":"Cine 5 Salas","publisher":{"@id":"https:\/\/www.cinemesroses.cat\/es\/#organization"},"potentialAction":[{"@type":"SearchAction","target":{"@type":"EntryPoint","urlTemplate":"https:\/\/www.cinemesroses.cat\/es\/?s={search_term_string}"},"query-input":{"@type":"PropertyValueSpecification","valueRequired":true,"valueName":"search_term_string"}}],"inLanguage":"es"},{"@type":"Organization","@id":"https:\/\/www.cinemesroses.cat\/es\/#organization","name":"Cinemes Roses","url":"https:\/\/www.cinemesroses.cat\/es\/","logo":{"@type":"ImageObject","inLanguage":"es","@id":"https:\/\/www.cinemesroses.cat\/es\/#\/schema\/logo\/image\/","url":"https:\/\/www.cinemesroses.cat\/wp-content\/uploads\/2022\/03\/logo-cinemes.png","contentUrl":"https:\/\/www.cinemesroses.cat\/wp-content\/uploads\/2022\/03\/logo-cinemes.png","width":721,"height":346,"caption":"Cinemes Roses"},"image":{"@id":"https:\/\/www.cinemesroses.cat\/es\/#\/schema\/logo\/image\/"}}]}},"_links":{"self":[{"href":"https:\/\/www.cinemesroses.cat\/es\/wp-json\/wp\/v2\/pages\/681","targetHints":{"allow":["GET"]}}],"collection":[{"href":"https:\/\/www.cinemesroses.cat\/es\/wp-json\/wp\/v2\/pages"}],"about":[{"href":"https:\/\/www.cinemesroses.cat\/es\/wp-json\/wp\/v2\/types\/page"}],"author":[{"embeddable":true,"href":"https:\/\/www.cinemesroses.cat\/es\/wp-json\/wp\/v2\/users\/1"}],"replies":[{"embeddable":true,"href":"https:\/\/www.cinemesroses.cat\/es\/wp-json\/wp\/v2\/comments?post=681"}],"version-history":[{"count":3,"href":"https:\/\/www.cinemesroses.cat\/es\/wp-json\/wp\/v2\/pages\/681\/revisions"}],"predecessor-version":[{"id":984,"href":"https:\/\/www.cinemesroses.cat\/es\/wp-json\/wp\/v2\/pages\/681\/revisions\/984"}],"wp:attachment":[{"href":"https:\/\/www.cinemesroses.cat\/es\/wp-json\/wp\/v2\/media?parent=681"}],"curies":[{"name":"wp","href":"https:\/\/api.w.org\/{rel}","templated":true}]}}