{"id":678,"date":"2022-03-03T15:13:45","date_gmt":"2022-03-03T15:13:45","guid":{"rendered":"https:\/\/www.cinemesroses.cat\/?page_id=678"},"modified":"2022-03-08T18:07:42","modified_gmt":"2022-03-08T18:07:42","slug":"aviso-legal","status":"publish","type":"page","link":"https:\/\/www.cinemesroses.cat\/es\/aviso-legal\/","title":{"rendered":"Aviso legal"},"content":{"rendered":"<p>[vc_row][vc_column][vc_column_text]El sitio web y el dominio www.cinemesroses.com corresponden a CINEMES ROSES SL (CINEMES ROSES), con NIF B17592197, domicilio en Gran Via de Pau Casals 250, 17480 Roses (Girona), direcci\u00f3n electr\u00f3nica <a href=\"mailto:cinemesroses@hotmail.com\">cinemesroses@hotmail.com<\/a>.<\/p>\n<p><strong>PROPIEDAD INTELECTUAL E INDUSTRIAL<\/strong><\/p>\n<p>Los contenidos de este sitio, incluyendo los textos, im\u00e1genes y dise\u00f1os, pertenecen a CINEMES ROSES, o a terceros que han autorizado su uso. CINEMES ROSES presenta estos contenidos con finalidades de informaci\u00f3n de su actividad y publicidad. Autoriza su utilizaci\u00f3n exclusivamente con estas finalidades. De forma general, queda prohibida su reproducci\u00f3n y explotaci\u00f3n por cualquier medio, as\u00ed como su transformaci\u00f3n o alteraci\u00f3n. La utilizaci\u00f3n de las im\u00e1genes, los dise\u00f1os o textos est\u00e1 autorizada \u00fanicamente para usos personales, sin posibilidad de reutilizaci\u00f3n o difusi\u00f3n fuera del \u00e1mbito personal. CINEMES ROSES se reserva el derecho de iniciar las acciones legales oportunas para reparar los da\u00f1os y perjuicios causados por cualquier acto que vulnere sus derechos de propiedad intelectual o industrial. No se autorizan presentaciones de los contenidos de este sitio en una ventana ajena a CINEMES ROSES.<\/p>\n<p><strong>RESPONSABILIDAD SOBRE LOS CONTENIDOS<\/strong><\/p>\n<p>CINEMES ROSES act\u00faa con la m\u00e1xima diligencia posible en la actualizaci\u00f3n de los contenidos de esta web, se puede dar el caso de que alg\u00fan dato o informaci\u00f3n no est\u00e9 del todo actualizada en el momento en que el usuario del sitio web lo consulte. Por este motivo, excepto en el caso de la compra de entradas on line, CINEMES ROSES no se hace responsable de los errores puntuales que puedan existir en la informaci\u00f3n sobre la programaci\u00f3n. CINEMES ROSES incluye enlaces a otros sitios web con fines informativos. No obstante no ser\u00e1 responsable de la informaci\u00f3n que se pueda obtener a trav\u00e9s de enlaces incluidos en el sitio.<\/p>\n<p><strong>CONDICIONES DE USO<\/strong><\/p>\n<p>El uso de este web implica la aceptaci\u00f3n plena de los t\u00e9rminos y condiciones del presente aviso legal. Los posibles conflictos relativos a este web se regir\u00e1n exclusivamente por el derecho del Estado Espa\u00f1ol. Toda persona usuaria del web, independientemente de la jurisdicci\u00f3n territorial desde la cual se produzca su acceso, acepta el cumplimiento y respeto de estas cl\u00e1usulas con renuncia expresa a cualquier otro fuero que le pudiera corresponder.[\/vc_column_text][\/vc_column][\/vc_row]<\/p>\n","protected":false},"excerpt":{"rendered":"<p>[vc_row][vc_column][vc_column_text]El sitio web y el dominio www.cinemesroses.com corresponden a CINEMES ROSES SL (CINEMES ROSES), con NIF B17592197, domicilio en Gran Via de Pau Casals 250, 17480 Roses (Girona), direcci\u00f3n electr\u00f3nica cinemesroses@hotmail.com. PROPIEDAD INTELECTUAL E INDUSTRIAL Los contenidos de este sitio, incluyendo los textos, im\u00e1genes y dise\u00f1os, pertenecen a CINEMES ROSES, o a terceros que han [&hellip;]<\/p>\n","protected":false},"author":1,"featured_media":0,"parent":0,"menu_order":0,"comment_status":"closed","ping_status":"closed","template":"","meta":{"footnotes":""},"class_list":["post-678","page","type-page","status-publish","h-entry","hentry","h-as-page"],"yoast_head":"<!-- This site is optimized with the Yoast SEO plugin v27.2 - https:\/\/yoast.com\/product\/yoast-seo-wordpress\/ -->\n<title>Aviso legal &#8226; Cinemes Roses<\/title>\n<meta name=\"robots\" content=\"noindex, nofollow\" \/>\n<meta property=\"og:locale\" content=\"es_ES\" \/>\n<meta property=\"og:type\" content=\"article\" \/>\n<meta property=\"og:title\" content=\"Aviso legal &#8226; Cinemes Roses\" \/>\n<meta property=\"og:description\" content=\"[vc_row][vc_column][vc_column_text]El sitio web y el dominio www.cinemesroses.com corresponden a CINEMES ROSES SL (CINEMES ROSES), con NIF B17592197, domicilio en Gran Via de Pau Casals 250, 17480 Roses (Girona), direcci\u00f3n electr\u00f3nica cinemesroses@hotmail.com. PROPIEDAD INTELECTUAL E INDUSTRIAL Los contenidos de este sitio, incluyendo los textos, im\u00e1genes y dise\u00f1os, pertenecen a CINEMES ROSES, o a terceros que han [&hellip;]\" \/>\n<meta property=\"og:url\" content=\"https:\/\/www.cinemesroses.cat\/es\/aviso-legal\/\" \/>\n<meta property=\"og:site_name\" content=\"Cinemes Roses\" \/>\n<meta property=\"article:modified_time\" content=\"2022-03-08T18:07:42+00:00\" \/>\n<meta name=\"twitter:card\" content=\"summary_large_image\" \/>\n<meta name=\"twitter:label1\" content=\"Tiempo de lectura\" \/>\n\t<meta name=\"twitter:data1\" content=\"2 minutos\" \/>\n<script type=\"application\/ld+json\" class=\"yoast-schema-graph\">{\"@context\":\"https:\/\/schema.org\",\"@graph\":[{\"@type\":\"WebPage\",\"@id\":\"https:\/\/www.cinemesroses.cat\/es\/aviso-legal\/\",\"url\":\"https:\/\/www.cinemesroses.cat\/es\/aviso-legal\/\",\"name\":\"Aviso legal &#8226; Cinemes Roses\",\"isPartOf\":{\"@id\":\"https:\/\/www.cinemesroses.cat\/es\/#website\"},\"datePublished\":\"2022-03-03T15:13:45+00:00\",\"dateModified\":\"2022-03-08T18:07:42+00:00\",\"breadcrumb\":{\"@id\":\"https:\/\/www.cinemesroses.cat\/es\/aviso-legal\/#breadcrumb\"},\"inLanguage\":\"es\",\"potentialAction\":[{\"@type\":\"ReadAction\",\"target\":[\"https:\/\/www.cinemesroses.cat\/es\/aviso-legal\/\"]}]},{\"@type\":\"BreadcrumbList\",\"@id\":\"https:\/\/www.cinemesroses.cat\/es\/aviso-legal\/#breadcrumb\",\"itemListElement\":[{\"@type\":\"ListItem\",\"position\":1,\"name\":\"Portada\",\"item\":\"https:\/\/www.cinemesroses.cat\/es\/\"},{\"@type\":\"ListItem\",\"position\":2,\"name\":\"Aviso legal\"}]},{\"@type\":\"WebSite\",\"@id\":\"https:\/\/www.cinemesroses.cat\/es\/#website\",\"url\":\"https:\/\/www.cinemesroses.cat\/es\/\",\"name\":\"Cinemes Roses\",\"description\":\"Cine 5 Salas\",\"publisher\":{\"@id\":\"https:\/\/www.cinemesroses.cat\/es\/#organization\"},\"potentialAction\":[{\"@type\":\"SearchAction\",\"target\":{\"@type\":\"EntryPoint\",\"urlTemplate\":\"https:\/\/www.cinemesroses.cat\/es\/?s={search_term_string}\"},\"query-input\":{\"@type\":\"PropertyValueSpecification\",\"valueRequired\":true,\"valueName\":\"search_term_string\"}}],\"inLanguage\":\"es\"},{\"@type\":\"Organization\",\"@id\":\"https:\/\/www.cinemesroses.cat\/es\/#organization\",\"name\":\"Cinemes Roses\",\"url\":\"https:\/\/www.cinemesroses.cat\/es\/\",\"logo\":{\"@type\":\"ImageObject\",\"inLanguage\":\"es\",\"@id\":\"https:\/\/www.cinemesroses.cat\/es\/#\/schema\/logo\/image\/\",\"url\":\"https:\/\/www.cinemesroses.cat\/wp-content\/uploads\/2022\/03\/logo-cinemes.png\",\"contentUrl\":\"https:\/\/www.cinemesroses.cat\/wp-content\/uploads\/2022\/03\/logo-cinemes.png\",\"width\":721,\"height\":346,\"caption\":\"Cinemes Roses\"},\"image\":{\"@id\":\"https:\/\/www.cinemesroses.cat\/es\/#\/schema\/logo\/image\/\"}}]}<\/script>\n<!-- \/ Yoast SEO plugin. -->","yoast_head_json":{"title":"Aviso legal &#8226; Cinemes Roses","robots":{"index":"noindex","follow":"nofollow"},"og_locale":"es_ES","og_type":"article","og_title":"Aviso legal &#8226; Cinemes Roses","og_description":"[vc_row][vc_column][vc_column_text]El sitio web y el dominio www.cinemesroses.com corresponden a CINEMES ROSES SL (CINEMES ROSES), con NIF B17592197, domicilio en Gran Via de Pau Casals 250, 17480 Roses (Girona), direcci\u00f3n electr\u00f3nica cinemesroses@hotmail.com. PROPIEDAD INTELECTUAL E INDUSTRIAL Los contenidos de este sitio, incluyendo los textos, im\u00e1genes y dise\u00f1os, pertenecen a CINEMES ROSES, o a terceros que han [&hellip;]","og_url":"https:\/\/www.cinemesroses.cat\/es\/aviso-legal\/","og_site_name":"Cinemes Roses","article_modified_time":"2022-03-08T18:07:42+00:00","twitter_card":"summary_large_image","twitter_misc":{"Tiempo de lectura":"2 minutos"},"schema":{"@context":"https:\/\/schema.org","@graph":[{"@type":"WebPage","@id":"https:\/\/www.cinemesroses.cat\/es\/aviso-legal\/","url":"https:\/\/www.cinemesroses.cat\/es\/aviso-legal\/","name":"Aviso legal &#8226; Cinemes Roses","isPartOf":{"@id":"https:\/\/www.cinemesroses.cat\/es\/#website"},"datePublished":"2022-03-03T15:13:45+00:00","dateModified":"2022-03-08T18:07:42+00:00","breadcrumb":{"@id":"https:\/\/www.cinemesroses.cat\/es\/aviso-legal\/#breadcrumb"},"inLanguage":"es","potentialAction":[{"@type":"ReadAction","target":["https:\/\/www.cinemesroses.cat\/es\/aviso-legal\/"]}]},{"@type":"BreadcrumbList","@id":"https:\/\/www.cinemesroses.cat\/es\/aviso-legal\/#breadcrumb","itemListElement":[{"@type":"ListItem","position":1,"name":"Portada","item":"https:\/\/www.cinemesroses.cat\/es\/"},{"@type":"ListItem","position":2,"name":"Aviso legal"}]},{"@type":"WebSite","@id":"https:\/\/www.cinemesroses.cat\/es\/#website","url":"https:\/\/www.cinemesroses.cat\/es\/","name":"Cinemes Roses","description":"Cine 5 Salas","publisher":{"@id":"https:\/\/www.cinemesroses.cat\/es\/#organization"},"potentialAction":[{"@type":"SearchAction","target":{"@type":"EntryPoint","urlTemplate":"https:\/\/www.cinemesroses.cat\/es\/?s={search_term_string}"},"query-input":{"@type":"PropertyValueSpecification","valueRequired":true,"valueName":"search_term_string"}}],"inLanguage":"es"},{"@type":"Organization","@id":"https:\/\/www.cinemesroses.cat\/es\/#organization","name":"Cinemes Roses","url":"https:\/\/www.cinemesroses.cat\/es\/","logo":{"@type":"ImageObject","inLanguage":"es","@id":"https:\/\/www.cinemesroses.cat\/es\/#\/schema\/logo\/image\/","url":"https:\/\/www.cinemesroses.cat\/wp-content\/uploads\/2022\/03\/logo-cinemes.png","contentUrl":"https:\/\/www.cinemesroses.cat\/wp-content\/uploads\/2022\/03\/logo-cinemes.png","width":721,"height":346,"caption":"Cinemes Roses"},"image":{"@id":"https:\/\/www.cinemesroses.cat\/es\/#\/schema\/logo\/image\/"}}]}},"_links":{"self":[{"href":"https:\/\/www.cinemesroses.cat\/es\/wp-json\/wp\/v2\/pages\/678","targetHints":{"allow":["GET"]}}],"collection":[{"href":"https:\/\/www.cinemesroses.cat\/es\/wp-json\/wp\/v2\/pages"}],"about":[{"href":"https:\/\/www.cinemesroses.cat\/es\/wp-json\/wp\/v2\/types\/page"}],"author":[{"embeddable":true,"href":"https:\/\/www.cinemesroses.cat\/es\/wp-json\/wp\/v2\/users\/1"}],"replies":[{"embeddable":true,"href":"https:\/\/www.cinemesroses.cat\/es\/wp-json\/wp\/v2\/comments?post=678"}],"version-history":[{"count":3,"href":"https:\/\/www.cinemesroses.cat\/es\/wp-json\/wp\/v2\/pages\/678\/revisions"}],"predecessor-version":[{"id":967,"href":"https:\/\/www.cinemesroses.cat\/es\/wp-json\/wp\/v2\/pages\/678\/revisions\/967"}],"wp:attachment":[{"href":"https:\/\/www.cinemesroses.cat\/es\/wp-json\/wp\/v2\/media?parent=678"}],"curies":[{"name":"wp","href":"https:\/\/api.w.org\/{rel}","templated":true}]}}